{"id":206,"date":"2016-08-23T06:49:44","date_gmt":"2016-08-23T06:49:44","guid":{"rendered":"http:\/\/wineandspirits.wwwssr7.supercp.com\/ro\/obo-mne\/"},"modified":"2017-04-15T18:50:41","modified_gmt":"2017-04-15T18:50:41","slug":"despre-mine","status":"publish","type":"page","link":"https:\/\/wine-and-spirits.md\/ro\/despre-mine\/","title":{"rendered":"Despre autor"},"content":{"rendered":"<p><img fetchpriority=\"high\" decoding=\"async\" class=\"wp-image-1347 size-medium alignleft\" src=\"http:\/\/wine-and-spirits.md\/wp-content\/uploads\/2016\/11\/foto-obo-mne-3-259x300.jpg\" width=\"259\" height=\"300\" srcset=\"https:\/\/wine-and-spirits.md\/wp-content\/uploads\/2016\/11\/foto-obo-mne-3-259x300.jpg 259w, https:\/\/wine-and-spirits.md\/wp-content\/uploads\/2016\/11\/foto-obo-mne-3-585x678.jpg 585w, https:\/\/wine-and-spirits.md\/wp-content\/uploads\/2016\/11\/foto-obo-mne-3.jpg 600w\" sizes=\"(max-width: 259px) 100vw, 259px\" \/><\/p>\n<p>Sunt jurnalist de vinuri. \u00cen fiecare s\u0103pt\u0103m\u00e2n\u0103, din anul 2004, \u00een s\u0103pt\u0103m\u00e2nalul \u201eEkonomiceskoe obozrenie. Logos-press\u201d apare pagina mea \u201eArta vinifica\u021biei\u201d. Anterior, \u00eencep\u00e2nd cu anul 2000, am scris articole despre vin \u00een cotidianul guvernamental \u201eNezavisimaia Moldova\u201d.<\/p>\n<p>Am fost martorul edific\u0103rii vinifica\u021biei moldovene\u0219ti contemporane, am v\u0103zut cum se construie\u0219te prima \u00eentreprindere vinicol\u0103 modern\u0103 autohton\u0103 cu ciclu deplin (pe atunci, una din cele mai bune \u00een Europa de Est), unde str\u0103lucea \u00eentreg utilajul din o\u021bel inoxidabil. Este vorba de \u201eAurVin\u201d din Vulc\u0103ne\u0219ti.<\/p>\n<p>Am v\u0103zut cum s-a ridicat un val de plantare a viilor, cum entuzia\u0219tii \u0219i romanticii \u00een ale vinifica\u021biei s-au apucat s\u0103 produc\u0103 \u00een Moldova vinuri care ar putea concura cu cele din Fran\u021ba, Italia, Spania, Australia, Noua Zeeland\u0103 \u2013 din \u00eentreaga lume. Ascultam din prima surs\u0103 cum ace\u0219ti vinifcatori \u201enebuni\u201d \u00eencercau s\u0103 identifice stiul vinurilor moldovene\u0219ti, experiment\u00e2nd cu tone de vin, cum \u00eencercau s\u0103 se afirme, \u00eenc\u0103 nesigur, pe pia\u021ba interna\u021bional\u0103. M-am bucurat \u00eempreun\u0103 cu ei primelor medalii cucerite de vinurile moldovene\u0219ti la prestigioasele concursuri europene de degustare.<\/p>\n<p>Am suferit al\u0103turi de ei atunci c\u00e2nd au fost afecta\u021bi de primul embargou impus de Rusia, \u00een anul 2006, c\u00e2nd sticle cu vinuri de calitate erau f\u0103cute una cu p\u0103m\u00e2ntul cu buldozerele, c\u00e2nd calculau pierderile suportate de \u00eentreaga ramur\u0103. Am fost primul jurnalist care a anun\u021bat acea sum\u0103 \u00eenfior\u0103toare \u2013 180 de milioane de dolari SUA. Am fost singura care a scris despre problemele viticulturii \u0219i vinifica\u021biei \u00een perioada crizei provocate de embargou.<\/p>\n<p>Totodat\u0103, am fost singura care \u00eempreun\u0103 cu \u201eLogos-press\u201d am promovat vinurile moldovene\u0219ti gratis. Aceast\u0103 activitate a fost posibil\u0103 datorit\u0103 cunosc\u0103torului \u0219i amatorului de vinuri moldovene\u0219ti, redactorului \u0219i cofondatorului \u201eLogos-press\u201d, Serghei Mi\u0219in.<\/p>\n<p>\u021ain minte to\u021bi pa\u0219ii care au fost \u00eentreprin\u0219i pentru produc\u021bia vinurilor moderne de calitate \u00een Moldova. \u00cen acest an pe pia\u021b\u0103 au ap\u0103rut deja primele vinuri cu denumiri georgrafice (recolta anului 2015). Este simbolic c\u0103 anume \u00een acela\u0219i an, la edi\u021bia de prim\u0103var\u0103 a \u201eVernisajului Vinului\u201d, mi-a fost decernat titlul de \u201eCavaler al Vernisajului Vinului\u201d. Vinifica\u021bia a devenit parte a vie\u021bei mele.<\/p>\n<p><img decoding=\"async\" class=\"alignnone size-full wp-image-3243 aligncenter\" src=\"http:\/\/wine-and-spirits.md\/wp-content\/uploads\/2016\/08\/foto-obo-mne-12-1.jpg\" alt=\"foto-obo-mne-12-1\" width=\"600\" height=\"450\" srcset=\"https:\/\/wine-and-spirits.md\/wp-content\/uploads\/2016\/08\/foto-obo-mne-12-1.jpg 600w, https:\/\/wine-and-spirits.md\/wp-content\/uploads\/2016\/08\/foto-obo-mne-12-1-300x225.jpg 300w, https:\/\/wine-and-spirits.md\/wp-content\/uploads\/2016\/08\/foto-obo-mne-12-1-585x439.jpg 585w\" sizes=\"(max-width: 600px) 100vw, 600px\" \/><\/p>\n<p>&nbsp;<\/p>\n<p>Cunosc\u00e2nd aceste detalii, mul\u021bi m\u0103 \u00eentreab\u0103 de ce nu lansez un blog despre vinuri. Ultima dat\u0103 aceast\u0103 \u00eentrebare mi-a pus-o vicedirectorul Proiectului de competitivitate (USAID), Diana Laz\u0103r, care mi-a propus aisten\u021b\u0103 tehnic\u0103. Bine\u00een\u021beles, am acceptat cu recuno\u0219tin\u021b\u0103 \u0219i a\u0219a a ap\u0103rut blogul \u201eWine-and-Spirits.md\u201d.<\/p>\n<p>Am decis s\u0103 lansez acest proiect, deoarece consider c\u0103 Moldova poate produce vinuri de excep\u021bie, cu care se va putea m\u00e2ndri. Pentru c\u0103 nu este normal ca \u00eentr-o \u021bar\u0103 vinicol\u0103 s\u0103 se consume mai mult\u0103 bere \u0219i vodc\u0103, dec\u00e2t vin, iar oamenii de aici nu \u0219tiu ce vinuri se nasc din strugurii cultiva\u021bi pe acest p\u0103m\u00e2nt. Dac\u0103 pot face ceva pentru a schimba situa\u021bia, voi \u00eencerca s\u0103 fac acest lucru.<\/p>\n<p>Anghelina Taran<\/p>\n<p>&nbsp;<\/p>\n<p style=\"text-align: center;\">\n<div class=\"wpcf7 no-js\" id=\"wpcf7-f7-o1\" lang=\"en-US\" dir=\"ltr\" data-wpcf7-id=\"7\">\n<div class=\"screen-reader-response\"><p role=\"status\" aria-live=\"polite\" aria-atomic=\"true\"><\/p> <ul><\/ul><\/div>\n<form action=\"\/ro\/wp-json\/wp\/v2\/pages\/206#wpcf7-f7-o1\" method=\"post\" class=\"wpcf7-form init\" aria-label=\"Contact form\" novalidate=\"novalidate\" data-status=\"init\">\n<fieldset class=\"hidden-fields-container\"><input type=\"hidden\" name=\"_wpcf7\" value=\"7\" \/><input type=\"hidden\" name=\"_wpcf7_version\" value=\"6.1.1\" \/><input type=\"hidden\" name=\"_wpcf7_locale\" value=\"en_US\" \/><input type=\"hidden\" name=\"_wpcf7_unit_tag\" value=\"wpcf7-f7-o1\" \/><input type=\"hidden\" name=\"_wpcf7_container_post\" value=\"0\" \/><input type=\"hidden\" name=\"_wpcf7_posted_data_hash\" value=\"\" \/>\n<\/fieldset>\n<div style=\"width: 29%; Padding-right: 1%; float: left;\">\n\t<p><span class=\"wpcf7-form-control-wrap\" data-name=\"your-name\"><input size=\"40\" maxlength=\"400\" class=\"wpcf7-form-control wpcf7-text wpcf7-validates-as-required\" aria-required=\"true\" aria-invalid=\"false\" placeholder=\"\u0438\u043c\u044f\" value=\"\" type=\"text\" name=\"your-name\" \/><\/span>\n\t<\/p>\n<\/div>\n<div style=\"width: 29%; Padding-right: 1%; float: left;\">\n\t<p><span class=\"wpcf7-form-control-wrap\" data-name=\"your-email\"><input size=\"40\" maxlength=\"400\" class=\"wpcf7-form-control wpcf7-email wpcf7-validates-as-required wpcf7-text wpcf7-validates-as-email\" aria-required=\"true\" aria-invalid=\"false\" placeholder=\"\u042d\u043b. \u0430\u0434\u0440\u0435\u0441\" value=\"\" type=\"email\" name=\"your-email\" \/><\/span>\n\t<\/p>\n<\/div>\n<div style=\"width: 30%; float: left; \">\n\t<p><span class=\"wpcf7-form-control-wrap\" data-name=\"your-subject\"><input size=\"40\" maxlength=\"400\" class=\"wpcf7-form-control wpcf7-text\" aria-invalid=\"false\" placeholder=\"\u0442\u0435\u043c\u0430\" value=\"\" type=\"text\" name=\"your-subject\" \/><\/span>\n\t<\/p>\n<\/div>\n<div style=\"width: 95%;\">\n\t<p><span class=\"wpcf7-form-control-wrap\" data-name=\"your-message\"><textarea cols=\"40\" rows=\"10\" maxlength=\"2000\" class=\"wpcf7-form-control wpcf7-textarea\" aria-invalid=\"false\" placeholder=\"\u0432\u0430\u0448\u0435 \u0441\u043e\u043e\u0431\u0449\u0435\u043d\u0438\u0435\" name=\"your-message\"><\/textarea><\/span>\n\t<\/p>\n<\/div>\n<div class=\"buton-trimite\">\n\t<p><input class=\"wpcf7-form-control wpcf7-submit has-spinner\" type=\"submit\" value=\"\u041e\u0442\u043f\u0440\u0430\u0432\u0438\u0442\u044c\" \/>\n\t<\/p>\n<\/div><p style=\"display: none !important;\" class=\"akismet-fields-container\" data-prefix=\"_wpcf7_ak_\"><label>&#916;<textarea name=\"_wpcf7_ak_hp_textarea\" cols=\"45\" rows=\"8\" maxlength=\"100\"><\/textarea><\/label><input type=\"hidden\" id=\"ak_js_1\" name=\"_wpcf7_ak_js\" value=\"54\"\/><script>document.getElementById( \"ak_js_1\" ).setAttribute( \"value\", ( new Date() ).getTime() );<\/script><\/p><div class=\"wpcf7-response-output\" aria-hidden=\"true\"><\/div>\n<\/form>\n<\/div>\n<\/p>\n<p style=\"text-align: right;\">\n","protected":false},"excerpt":{"rendered":"<p>Sunt jurnalist de vinuri. \u00cen fiecare s\u0103pt\u0103m\u00e2n\u0103, din anul 2004, \u00een s\u0103pt\u0103m\u00e2nalul \u201eEkonomiceskoe obozrenie. Logos-press\u201d apare pagina mea \u201eArta vinifica\u021biei\u201d. Anterior, \u00eencep\u00e2nd cu anul 2000, am scris articole despre vin&hellip;<\/p>\n","protected":false},"author":1,"featured_media":0,"parent":0,"menu_order":0,"comment_status":"closed","ping_status":"closed","template":"page-sidebar.php","meta":{"slim_seo":{"title":"Despre autor - Wine and Spirits","description":"Sunt jurnalist de vinuri. \u00cen fiecare s\u0103pt\u0103m\u00e2n\u0103, din anul 2004, \u00een s\u0103pt\u0103m\u00e2nalul \u201eEkonomiceskoe obozrenie. Logos-press\u201d apare pagina mea \u201eArta vinifica\u021biei\u201d. Ante"},"footnotes":""},"class_list":["post-206","page","type-page","status-publish","hentry"],"_links":{"self":[{"href":"https:\/\/wine-and-spirits.md\/ro\/wp-json\/wp\/v2\/pages\/206","targetHints":{"allow":["GET"]}}],"collection":[{"href":"https:\/\/wine-and-spirits.md\/ro\/wp-json\/wp\/v2\/pages"}],"about":[{"href":"https:\/\/wine-and-spirits.md\/ro\/wp-json\/wp\/v2\/types\/page"}],"author":[{"embeddable":true,"href":"https:\/\/wine-and-spirits.md\/ro\/wp-json\/wp\/v2\/users\/1"}],"replies":[{"embeddable":true,"href":"https:\/\/wine-and-spirits.md\/ro\/wp-json\/wp\/v2\/comments?post=206"}],"version-history":[{"count":4,"href":"https:\/\/wine-and-spirits.md\/ro\/wp-json\/wp\/v2\/pages\/206\/revisions"}],"predecessor-version":[{"id":3246,"href":"https:\/\/wine-and-spirits.md\/ro\/wp-json\/wp\/v2\/pages\/206\/revisions\/3246"}],"wp:attachment":[{"href":"https:\/\/wine-and-spirits.md\/ro\/wp-json\/wp\/v2\/media?parent=206"}],"curies":[{"name":"wp","href":"https:\/\/api.w.org\/{rel}","templated":true}]}}